{"id":398,"date":"2023-08-20T21:54:27","date_gmt":"2023-08-20T19:54:27","guid":{"rendered":"https:\/\/pasteles.arielrodriguez.es\/index.php\/producto\/queque-4\/"},"modified":"2023-08-20T23:17:55","modified_gmt":"2023-08-20T21:17:55","slug":"queque-4","status":"publish","type":"product","link":"https:\/\/pasteles.arielrodriguez.es\/index.php\/producto\/queque-4\/","title":{"rendered":"Queque"},"content":{"rendered":"<p><strong>Pastel de Frutas Tropicales y Coco:<\/strong> Este pastel evoca los sabores tropicales con capas de bizcocho de coco empapado en un jarabe de frutas tropicales. Rellenas con una mezcla de trozos de pi\u00f1a, mango y coco rallado, las capas est\u00e1n cubiertas con una crema de coco suave. La decoraci\u00f3n incluye rodajas de frutas frescas y escamas de coco tostado.<\/p>\n","protected":false},"excerpt":{"rendered":"<p>Sabor para su paladar<\/p>\n","protected":false},"featured_media":318,"comment_status":"open","ping_status":"closed","template":"","meta":{"site-sidebar-layout":"default","site-content-layout":"","ast-site-content-layout":"","site-content-style":"default","site-sidebar-style":"default","ast-global-header-display":"","ast-banner-title-visibility":"","ast-main-header-display":"","ast-hfb-above-header-display":"","ast-hfb-below-header-display":"","ast-hfb-mobile-header-display":"","site-post-title":"","ast-breadcrumbs-content":"","ast-featured-img":"","footer-sml-layout":"","theme-transparent-header-meta":"","adv-header-id-meta":"","stick-header-meta":"","header-above-stick-meta":"","header-main-stick-meta":"","header-below-stick-meta":"","astra-migrate-meta-layouts":""},"product_cat":[24,21],"product_tag":[],"_links":{"self":[{"href":"https:\/\/pasteles.arielrodriguez.es\/index.php\/wp-json\/wp\/v2\/product\/398"}],"collection":[{"href":"https:\/\/pasteles.arielrodriguez.es\/index.php\/wp-json\/wp\/v2\/product"}],"about":[{"href":"https:\/\/pasteles.arielrodriguez.es\/index.php\/wp-json\/wp\/v2\/types\/product"}],"replies":[{"embeddable":true,"href":"https:\/\/pasteles.arielrodriguez.es\/index.php\/wp-json\/wp\/v2\/comments?post=398"}],"wp:featuredmedia":[{"embeddable":true,"href":"https:\/\/pasteles.arielrodriguez.es\/index.php\/wp-json\/wp\/v2\/media\/318"}],"wp:attachment":[{"href":"https:\/\/pasteles.arielrodriguez.es\/index.php\/wp-json\/wp\/v2\/media?parent=398"}],"wp:term":[{"taxonomy":"product_cat","embeddable":true,"href":"https:\/\/pasteles.arielrodriguez.es\/index.php\/wp-json\/wp\/v2\/product_cat?post=398"},{"taxonomy":"product_tag","embeddable":true,"href":"https:\/\/pasteles.arielrodriguez.es\/index.php\/wp-json\/wp\/v2\/product_tag?post=398"}],"curies":[{"name":"wp","href":"https:\/\/api.w.org\/{rel}","templated":true}]}}