{"id":384,"date":"2023-08-20T21:54:26","date_gmt":"2023-08-20T19:54:26","guid":{"rendered":"https:\/\/pasteles.arielrodriguez.es\/index.php\/producto\/cupcakes\/"},"modified":"2023-08-20T23:17:54","modified_gmt":"2023-08-20T21:17:54","slug":"cupcakes","status":"publish","type":"product","link":"https:\/\/pasteles.arielrodriguez.es\/index.php\/producto\/cupcakes\/","title":{"rendered":"Cupcakes"},"content":{"rendered":"<p><strong>Cupcake de Tiramis\u00fa:<\/strong> Un mini cupcake inspirado en el cl\u00e1sico postre italiano. El bizcocho est\u00e1 impregnado de caf\u00e9 y licor de amaretto, relleno con crema de mascarpone y espolvoreado con cacao en polvo. Una peque\u00f1a galleta de ladyfinger adorna la cima.<\/p>\n","protected":false},"excerpt":{"rendered":"<p>3 unidades<\/p>\n","protected":false},"featured_media":309,"comment_status":"open","ping_status":"closed","template":"","meta":{"site-sidebar-layout":"default","site-content-layout":"","ast-site-content-layout":"","site-content-style":"default","site-sidebar-style":"default","ast-global-header-display":"","ast-banner-title-visibility":"","ast-main-header-display":"","ast-hfb-above-header-display":"","ast-hfb-below-header-display":"","ast-hfb-mobile-header-display":"","site-post-title":"","ast-breadcrumbs-content":"","ast-featured-img":"","footer-sml-layout":"","theme-transparent-header-meta":"","adv-header-id-meta":"","stick-header-meta":"","header-above-stick-meta":"","header-main-stick-meta":"","header-below-stick-meta":"","astra-migrate-meta-layouts":""},"product_cat":[22,21,23],"product_tag":[],"_links":{"self":[{"href":"https:\/\/pasteles.arielrodriguez.es\/index.php\/wp-json\/wp\/v2\/product\/384"}],"collection":[{"href":"https:\/\/pasteles.arielrodriguez.es\/index.php\/wp-json\/wp\/v2\/product"}],"about":[{"href":"https:\/\/pasteles.arielrodriguez.es\/index.php\/wp-json\/wp\/v2\/types\/product"}],"replies":[{"embeddable":true,"href":"https:\/\/pasteles.arielrodriguez.es\/index.php\/wp-json\/wp\/v2\/comments?post=384"}],"wp:featuredmedia":[{"embeddable":true,"href":"https:\/\/pasteles.arielrodriguez.es\/index.php\/wp-json\/wp\/v2\/media\/309"}],"wp:attachment":[{"href":"https:\/\/pasteles.arielrodriguez.es\/index.php\/wp-json\/wp\/v2\/media?parent=384"}],"wp:term":[{"taxonomy":"product_cat","embeddable":true,"href":"https:\/\/pasteles.arielrodriguez.es\/index.php\/wp-json\/wp\/v2\/product_cat?post=384"},{"taxonomy":"product_tag","embeddable":true,"href":"https:\/\/pasteles.arielrodriguez.es\/index.php\/wp-json\/wp\/v2\/product_tag?post=384"}],"curies":[{"name":"wp","href":"https:\/\/api.w.org\/{rel}","templated":true}]}}