{"id":380,"date":"2023-08-20T21:54:26","date_gmt":"2023-08-20T19:54:26","guid":{"rendered":"https:\/\/pasteles.arielrodriguez.es\/?post_type=product&#038;p=380"},"modified":"2023-08-20T23:17:55","modified_gmt":"2023-08-20T21:17:55","slug":"queque-5","status":"publish","type":"product","link":"https:\/\/pasteles.arielrodriguez.es\/index.php\/producto\/queque-5\/","title":{"rendered":"Queque"},"content":{"rendered":"<p><strong>Pastel de Lim\u00f3n y Lavanda:<\/strong> Un pastel ligero y refrescante con un sabor a lim\u00f3n vibrante y un toque sutil de lavanda. Las capas de pastel de lim\u00f3n est\u00e1n impregnadas con un jarabe de lavanda para realzar el aroma. El relleno y el glaseado son de crema de mantequilla de lim\u00f3n y lavanda, y la decoraci\u00f3n presenta flores de lavanda comestibles.<\/p>\n","protected":false},"excerpt":{"rendered":"<p>Mas arte<\/p>\n","protected":false},"featured_media":319,"comment_status":"open","ping_status":"closed","template":"","meta":{"site-sidebar-layout":"default","site-content-layout":"","ast-site-content-layout":"","site-content-style":"default","site-sidebar-style":"default","ast-global-header-display":"","ast-banner-title-visibility":"","ast-main-header-display":"","ast-hfb-above-header-display":"","ast-hfb-below-header-display":"","ast-hfb-mobile-header-display":"","site-post-title":"","ast-breadcrumbs-content":"","ast-featured-img":"","footer-sml-layout":"","theme-transparent-header-meta":"","adv-header-id-meta":"","stick-header-meta":"","header-above-stick-meta":"","header-main-stick-meta":"","header-below-stick-meta":"","astra-migrate-meta-layouts":""},"product_cat":[27,22],"product_tag":[],"_links":{"self":[{"href":"https:\/\/pasteles.arielrodriguez.es\/index.php\/wp-json\/wp\/v2\/product\/380"}],"collection":[{"href":"https:\/\/pasteles.arielrodriguez.es\/index.php\/wp-json\/wp\/v2\/product"}],"about":[{"href":"https:\/\/pasteles.arielrodriguez.es\/index.php\/wp-json\/wp\/v2\/types\/product"}],"replies":[{"embeddable":true,"href":"https:\/\/pasteles.arielrodriguez.es\/index.php\/wp-json\/wp\/v2\/comments?post=380"}],"wp:featuredmedia":[{"embeddable":true,"href":"https:\/\/pasteles.arielrodriguez.es\/index.php\/wp-json\/wp\/v2\/media\/319"}],"wp:attachment":[{"href":"https:\/\/pasteles.arielrodriguez.es\/index.php\/wp-json\/wp\/v2\/media?parent=380"}],"wp:term":[{"taxonomy":"product_cat","embeddable":true,"href":"https:\/\/pasteles.arielrodriguez.es\/index.php\/wp-json\/wp\/v2\/product_cat?post=380"},{"taxonomy":"product_tag","embeddable":true,"href":"https:\/\/pasteles.arielrodriguez.es\/index.php\/wp-json\/wp\/v2\/product_tag?post=380"}],"curies":[{"name":"wp","href":"https:\/\/api.w.org\/{rel}","templated":true}]}}