{"id":378,"date":"2023-08-20T21:54:26","date_gmt":"2023-08-20T19:54:26","guid":{"rendered":"https:\/\/pasteles.arielrodriguez.es\/?post_type=product&#038;p=378"},"modified":"2023-08-20T23:17:55","modified_gmt":"2023-08-20T21:17:55","slug":"gelatinas-de-colores","status":"publish","type":"product","link":"https:\/\/pasteles.arielrodriguez.es\/index.php\/producto\/gelatinas-de-colores\/","title":{"rendered":"Gelatinas de colores"},"content":{"rendered":"<p><strong>Gelatina Arco\u00edris Multicolor:<\/strong> Una gelatina en capas de colores vibrantes, que crea un efecto arco\u00edris cuando se corta. Cada capa tiene un sabor diferente, desde fresa y lim\u00f3n hasta uva y naranja. Es una opci\u00f3n divertida y llamativa para cualquier celebraci\u00f3n.<\/p>\n","protected":false},"excerpt":{"rendered":"<p>Mas color y mas movimiento<\/p>\n","protected":false},"featured_media":314,"comment_status":"open","ping_status":"closed","template":"","meta":{"site-sidebar-layout":"default","site-content-layout":"","ast-site-content-layout":"","site-content-style":"default","site-sidebar-style":"default","ast-global-header-display":"","ast-banner-title-visibility":"","ast-main-header-display":"","ast-hfb-above-header-display":"","ast-hfb-below-header-display":"","ast-hfb-mobile-header-display":"","site-post-title":"","ast-breadcrumbs-content":"","ast-featured-img":"","footer-sml-layout":"","theme-transparent-header-meta":"","adv-header-id-meta":"","stick-header-meta":"","header-above-stick-meta":"","header-main-stick-meta":"","header-below-stick-meta":"","astra-migrate-meta-layouts":""},"product_cat":[21,20,23],"product_tag":[],"_links":{"self":[{"href":"https:\/\/pasteles.arielrodriguez.es\/index.php\/wp-json\/wp\/v2\/product\/378"}],"collection":[{"href":"https:\/\/pasteles.arielrodriguez.es\/index.php\/wp-json\/wp\/v2\/product"}],"about":[{"href":"https:\/\/pasteles.arielrodriguez.es\/index.php\/wp-json\/wp\/v2\/types\/product"}],"replies":[{"embeddable":true,"href":"https:\/\/pasteles.arielrodriguez.es\/index.php\/wp-json\/wp\/v2\/comments?post=378"}],"wp:featuredmedia":[{"embeddable":true,"href":"https:\/\/pasteles.arielrodriguez.es\/index.php\/wp-json\/wp\/v2\/media\/314"}],"wp:attachment":[{"href":"https:\/\/pasteles.arielrodriguez.es\/index.php\/wp-json\/wp\/v2\/media?parent=378"}],"wp:term":[{"taxonomy":"product_cat","embeddable":true,"href":"https:\/\/pasteles.arielrodriguez.es\/index.php\/wp-json\/wp\/v2\/product_cat?post=378"},{"taxonomy":"product_tag","embeddable":true,"href":"https:\/\/pasteles.arielrodriguez.es\/index.php\/wp-json\/wp\/v2\/product_tag?post=378"}],"curies":[{"name":"wp","href":"https:\/\/api.w.org\/{rel}","templated":true}]}}