{"id":377,"date":"2023-08-20T21:54:26","date_gmt":"2023-08-20T19:54:26","guid":{"rendered":"https:\/\/pasteles.arielrodriguez.es\/?post_type=product&#038;p=377"},"modified":"2023-08-20T23:17:55","modified_gmt":"2023-08-20T21:17:55","slug":"flan","status":"publish","type":"product","link":"https:\/\/pasteles.arielrodriguez.es\/index.php\/producto\/flan\/","title":{"rendered":"Flan"},"content":{"rendered":"<p><strong>Flan de Caramelo Cl\u00e1sico:<\/strong> Un postre elegante y suave, el flan de caramelo es una deliciosa combinaci\u00f3n de texturas y sabores. Una capa de caramelo l\u00edquido recubre el fondo del molde, y sobre esta base se vierte una mezcla de huevos, leche y az\u00facar. Al hornearse y luego enfriarse, el flan adquiere una textura sedosa y un sabor a vainilla, mientras que el caramelo se transforma en un delicado jarabe que se mezcla armoniosamente con el resto del postre.<\/p>\n","protected":false},"excerpt":{"rendered":"<p>Una muy rica combinaci\u00f3n<\/p>\n","protected":false},"featured_media":313,"comment_status":"open","ping_status":"closed","template":"","meta":{"site-sidebar-layout":"default","site-content-layout":"","ast-site-content-layout":"","site-content-style":"default","site-sidebar-style":"default","ast-global-header-display":"","ast-banner-title-visibility":"","ast-main-header-display":"","ast-hfb-above-header-display":"","ast-hfb-below-header-display":"","ast-hfb-mobile-header-display":"","site-post-title":"","ast-breadcrumbs-content":"","ast-featured-img":"","footer-sml-layout":"","theme-transparent-header-meta":"","adv-header-id-meta":"","stick-header-meta":"","header-above-stick-meta":"","header-main-stick-meta":"","header-below-stick-meta":"","astra-migrate-meta-layouts":""},"product_cat":[21,20,23],"product_tag":[],"_links":{"self":[{"href":"https:\/\/pasteles.arielrodriguez.es\/index.php\/wp-json\/wp\/v2\/product\/377"}],"collection":[{"href":"https:\/\/pasteles.arielrodriguez.es\/index.php\/wp-json\/wp\/v2\/product"}],"about":[{"href":"https:\/\/pasteles.arielrodriguez.es\/index.php\/wp-json\/wp\/v2\/types\/product"}],"replies":[{"embeddable":true,"href":"https:\/\/pasteles.arielrodriguez.es\/index.php\/wp-json\/wp\/v2\/comments?post=377"}],"wp:featuredmedia":[{"embeddable":true,"href":"https:\/\/pasteles.arielrodriguez.es\/index.php\/wp-json\/wp\/v2\/media\/313"}],"wp:attachment":[{"href":"https:\/\/pasteles.arielrodriguez.es\/index.php\/wp-json\/wp\/v2\/media?parent=377"}],"wp:term":[{"taxonomy":"product_cat","embeddable":true,"href":"https:\/\/pasteles.arielrodriguez.es\/index.php\/wp-json\/wp\/v2\/product_cat?post=377"},{"taxonomy":"product_tag","embeddable":true,"href":"https:\/\/pasteles.arielrodriguez.es\/index.php\/wp-json\/wp\/v2\/product_tag?post=377"}],"curies":[{"name":"wp","href":"https:\/\/api.w.org\/{rel}","templated":true}]}}